{"id":3024,"date":"2014-09-17T06:31:17","date_gmt":"2014-09-17T06:31:17","guid":{"rendered":"http:\/\/theme.dahztheme.com\/liesel\/?page_id=3024"},"modified":"2025-09-18T10:01:27","modified_gmt":"2025-09-18T09:01:27","slug":"about","status":"publish","type":"page","link":"https:\/\/marjis-sweetys.ch\/","title":{"rendered":"Chez Marji&rsquo;s"},"content":{"rendered":"<div class=\"vc_row wpb_row df_row-fluid\"   style=\"margin-bottom: 20px;\">\n\t<div class=\"df_span-sm-12 df_span-lg-6 df_span-md-12 wpb_column vc_column_container  vc_custom_1411919136953\">\n\t\t<div class=\"wpb_wrapper\">\n\t\t\t\t<div class=\"vc_empty_space\"  style=\"height: 10px\" ><span\n\t\t\tclass=\"vc_empty_space_inner\"><\/span><\/div>\n\n\n\t<div class=\"wpb_text_column wpb_content_element  wpb_animate_when_almost_visible wpb_left-to-right\">\n\t\t<div class=\"wpb_wrapper\">\n\t\t\t<h1>BIENVENU CHEZ MARJI&rsquo;S SWEETY!<\/h1>\n\n\t\t<\/div> \n\t<\/div> <div class=\"vc_custom_heading\" ><div style=\"font-size: 18px;color: #695a4a;text-align: left;font-family:Satisfy;font-weight:400;font-style:normal\" >Venez d\u00e9couvrir cet endroit chaleureux et cosy !<\/div><\/div>\t<div class=\"vc_empty_space\"  style=\"height: 40px\" ><span\n\t\t\tclass=\"vc_empty_space_inner\"><\/span><\/div>\n\n\n\t<div class=\"wpb_text_column wpb_content_element \">\n\t\t<div class=\"wpb_wrapper\">\n\t\t\t<p>Laissez-vous le temps de prendre le temps<\/p>\n<p>Choisissez parmi l\u2019assortiment de boisson simple ou originale et laissez vous tentez par une p\u00e2tisserie maison\u00a0!<\/p>\n<p>Et si le c\u0153ur vous en dit, relaxez vous en commandant un soin ou en prenant un livre \u00e0 disposition au coin lecture\u00a0!<\/p>\n<p>Tout est r\u00e9unit pour que vous puissiez vous d\u00e9tendre et partager un bon moment<\/p>\n\n\t\t<\/div> \n\t<\/div> \t<div class=\"vc_empty_space\"  style=\"height: 40px\" ><span\n\t\t\tclass=\"vc_empty_space_inner\"><\/span><\/div>\n\n\n\t\t<\/div> \n\t<\/div> \n\n\t<div class=\"df_span-sm-12 df_span-lg-6 df_span-md-12 wpb_column vc_column_container \">\n\t\t<div class=\"wpb_wrapper\">\n\t\t\t\n\t<div class=\"wpb_single_image wpb_content_element vc_align_left\">\n\t\t<div class=\"wpb_wrapper\">\n\t\t\t\n\t\t\t<div class=\"vc_single_image-wrapper   vc_box_border_grey\"><img width=\"4000\" height=\"3000\" src=\"https:\/\/marjis-sweetys.ch\/wp-content\/uploads\/2014\/09\/marjis-4.jpg\" class=\"vc_single_image-img attachment-full\" alt=\"\" loading=\"lazy\" srcset=\"https:\/\/marjis-sweetys.ch\/wp-content\/uploads\/2014\/09\/marjis-4.jpg 4000w, https:\/\/marjis-sweetys.ch\/wp-content\/uploads\/2014\/09\/marjis-4-300x225.jpg 300w, https:\/\/marjis-sweetys.ch\/wp-content\/uploads\/2014\/09\/marjis-4-1024x768.jpg 1024w\" sizes=\"(max-width: 4000px) 100vw, 4000px\" \/><\/div>\n\t\t<\/div> \n\t<\/div> \n\t\t<\/div> \n\t<\/div> \n<\/div><div class=\"vc_row-full-width\"><\/div><div class=\"vc_row wpb_row df_row-fluid\"  >\n\t<div class=\"df_span-sm-12 wpb_column vc_column_container \">\n\t\t<div class=\"wpb_wrapper\">\n\t\t\t\t<div class=\"vc_empty_space\"  style=\"height: 60px\" ><span\n\t\t\tclass=\"vc_empty_space_inner\"><\/span><\/div>\n\n\n\t\t<\/div> \n\t<\/div> \n<\/div><div class=\"vc_row-full-width\"><\/div><div class=\"vc_row wpb_row df_row-fluid vc_custom_1437041161491 row-parallax-bg\"  data-prlx-speed=\"0.3\" data-vc-full-width=\"true\" >\n\t<div class=\"df_span-sm-12 wpb_column vc_column_container \">\n\t\t<div class=\"wpb_wrapper\">\n\t\t\t\t<div class=\"vc_empty_space\"  style=\"height: 140px\" ><span\n\t\t\tclass=\"vc_empty_space_inner\"><\/span><\/div>\n\n<div class=\"vc_row wpb_row vc_inner df_row-fluid\"  >\n\t<div class=\"df_span-sm-4 wpb_column vc_column_container \">\n\t\t<div class=\"wpb_wrapper\">\n\t\t\t\t<div class=\"vc_empty_space\"  style=\"height: 10px\" ><span\n\t\t\tclass=\"vc_empty_space_inner\"><\/span><\/div>\n\n\n\t<div class=\"wpb_text_column wpb_content_element \">\n\t\t<div class=\"wpb_wrapper\">\n\t\t\t\n\t\t<\/div> \n\t<\/div> \n\t\t<\/div> \n\t<\/div> \n\n\t<div class=\"df_span-sm-8 wpb_column vc_column_container \">\n\t\t<div class=\"wpb_wrapper\">\n\t\t\t\n\t<div class=\"wpb_text_column wpb_content_element \">\n\t\t<div class=\"wpb_wrapper\">\n\t\t\t\n\t\t<\/div> \n\t<\/div> \n\t\t<\/div> \n\t<\/div> \n<\/div><div class=\"vc_row-full-width\"><\/div>\t<div class=\"vc_empty_space\"  style=\"height: 60px\" ><span\n\t\t\tclass=\"vc_empty_space_inner\"><\/span><\/div>\n\n\t<div class=\"vc_empty_space\"  style=\"height: 60px\" ><span\n\t\t\tclass=\"vc_empty_space_inner\"><\/span><\/div>\n\n\n\t\t<\/div> \n\t<\/div> \n<\/div><div class=\"vc_row-full-width\"><\/div><div class=\"vc_row wpb_row df_row-fluid\"  >\n\t<div class=\"df_span-sm-12 wpb_column vc_column_container \">\n\t\t<div class=\"wpb_wrapper\">\n\t\t\t\t<div class=\"vc_empty_space\"  style=\"height: 60px\" ><span\n\t\t\tclass=\"vc_empty_space_inner\"><\/span><\/div>\n\n\n\t\t<\/div> \n\t<\/div> \n<\/div><div class=\"vc_row-full-width\"><\/div><div class=\"vc_row wpb_row df_row-fluid\"   style=\"margin-bottom: 20px;\">\n\t<div class=\"df_span-sm-5 wpb_column vc_column_container \">\n\t\t<div class=\"wpb_wrapper\">\n\t\t\t\n\t<div class=\"wpb_gallery wpb_content_element vc_clearfix\">\n\t\t<div class=\"wpb_wrapper\"><div class=\"wpb_gallery_slides wpb_image_grid\" data-interval=\"3\"><ul class=\"wpb_image_grid_ul\"><li class=\"isotope-item\"><a class=\"prettyphoto\" href=\"https:\/\/marjis-sweetys.ch\/wp-content\/uploads\/2014\/09\/IMG_00000754_edit-1024x768.jpg\" rel=\"prettyPhoto[rel-617717924]\"><img width=\"150\" height=\"150\" src=\"https:\/\/marjis-sweetys.ch\/wp-content\/uploads\/2014\/09\/IMG_00000754_edit-150x150.jpg\" class=\"attachment-thumbnail\" alt=\"\" loading=\"lazy\" srcset=\"https:\/\/marjis-sweetys.ch\/wp-content\/uploads\/2014\/09\/IMG_00000754_edit-150x150.jpg 150w, https:\/\/marjis-sweetys.ch\/wp-content\/uploads\/2014\/09\/IMG_00000754_edit-500x500.jpg 500w, https:\/\/marjis-sweetys.ch\/wp-content\/uploads\/2014\/09\/IMG_00000754_edit-60x60.jpg 60w, https:\/\/marjis-sweetys.ch\/wp-content\/uploads\/2014\/09\/IMG_00000754_edit-800x800.jpg 800w, https:\/\/marjis-sweetys.ch\/wp-content\/uploads\/2014\/09\/IMG_00000754_edit-180x180.jpg 180w, https:\/\/marjis-sweetys.ch\/wp-content\/uploads\/2014\/09\/IMG_00000754_edit-300x300.jpg 300w, https:\/\/marjis-sweetys.ch\/wp-content\/uploads\/2014\/09\/IMG_00000754_edit-600x600.jpg 600w\" sizes=\"(max-width: 150px) 100vw, 150px\" \/><\/a><\/li><li class=\"isotope-item\"><a class=\"prettyphoto\" href=\"https:\/\/marjis-sweetys.ch\/wp-content\/uploads\/2014\/09\/IMG_00000742_edit-1024x768.jpg\" rel=\"prettyPhoto[rel-617717924]\"><img width=\"150\" height=\"150\" src=\"https:\/\/marjis-sweetys.ch\/wp-content\/uploads\/2014\/09\/IMG_00000742_edit-150x150.jpg\" class=\"attachment-thumbnail\" alt=\"\" loading=\"lazy\" srcset=\"https:\/\/marjis-sweetys.ch\/wp-content\/uploads\/2014\/09\/IMG_00000742_edit-150x150.jpg 150w, https:\/\/marjis-sweetys.ch\/wp-content\/uploads\/2014\/09\/IMG_00000742_edit-500x500.jpg 500w, https:\/\/marjis-sweetys.ch\/wp-content\/uploads\/2014\/09\/IMG_00000742_edit-60x60.jpg 60w, https:\/\/marjis-sweetys.ch\/wp-content\/uploads\/2014\/09\/IMG_00000742_edit-800x800.jpg 800w, https:\/\/marjis-sweetys.ch\/wp-content\/uploads\/2014\/09\/IMG_00000742_edit-180x180.jpg 180w, https:\/\/marjis-sweetys.ch\/wp-content\/uploads\/2014\/09\/IMG_00000742_edit-300x300.jpg 300w, https:\/\/marjis-sweetys.ch\/wp-content\/uploads\/2014\/09\/IMG_00000742_edit-600x600.jpg 600w\" sizes=\"(max-width: 150px) 100vw, 150px\" \/><\/a><\/li><li class=\"isotope-item\"><a class=\"prettyphoto\" href=\"https:\/\/marjis-sweetys.ch\/wp-content\/uploads\/2014\/09\/IMG_00000740_edit-1024x768.jpg\" rel=\"prettyPhoto[rel-617717924]\"><img width=\"150\" height=\"150\" src=\"https:\/\/marjis-sweetys.ch\/wp-content\/uploads\/2014\/09\/IMG_00000740_edit-150x150.jpg\" class=\"attachment-thumbnail\" alt=\"\" loading=\"lazy\" srcset=\"https:\/\/marjis-sweetys.ch\/wp-content\/uploads\/2014\/09\/IMG_00000740_edit-150x150.jpg 150w, https:\/\/marjis-sweetys.ch\/wp-content\/uploads\/2014\/09\/IMG_00000740_edit-500x500.jpg 500w, https:\/\/marjis-sweetys.ch\/wp-content\/uploads\/2014\/09\/IMG_00000740_edit-60x60.jpg 60w, https:\/\/marjis-sweetys.ch\/wp-content\/uploads\/2014\/09\/IMG_00000740_edit-800x800.jpg 800w, https:\/\/marjis-sweetys.ch\/wp-content\/uploads\/2014\/09\/IMG_00000740_edit-180x180.jpg 180w, https:\/\/marjis-sweetys.ch\/wp-content\/uploads\/2014\/09\/IMG_00000740_edit-300x300.jpg 300w, https:\/\/marjis-sweetys.ch\/wp-content\/uploads\/2014\/09\/IMG_00000740_edit-600x600.jpg 600w\" sizes=\"(max-width: 150px) 100vw, 150px\" \/><\/a><\/li><li class=\"isotope-item\"><a class=\"prettyphoto\" href=\"https:\/\/marjis-sweetys.ch\/wp-content\/uploads\/2014\/09\/IMG_00000576_edit-1024x768.jpg\" rel=\"prettyPhoto[rel-617717924]\"><img width=\"150\" height=\"150\" src=\"https:\/\/marjis-sweetys.ch\/wp-content\/uploads\/2014\/09\/IMG_00000576_edit-150x150.jpg\" class=\"attachment-thumbnail\" alt=\"\" loading=\"lazy\" srcset=\"https:\/\/marjis-sweetys.ch\/wp-content\/uploads\/2014\/09\/IMG_00000576_edit-150x150.jpg 150w, https:\/\/marjis-sweetys.ch\/wp-content\/uploads\/2014\/09\/IMG_00000576_edit-500x500.jpg 500w, https:\/\/marjis-sweetys.ch\/wp-content\/uploads\/2014\/09\/IMG_00000576_edit-60x60.jpg 60w, https:\/\/marjis-sweetys.ch\/wp-content\/uploads\/2014\/09\/IMG_00000576_edit-800x800.jpg 800w, https:\/\/marjis-sweetys.ch\/wp-content\/uploads\/2014\/09\/IMG_00000576_edit-180x180.jpg 180w, https:\/\/marjis-sweetys.ch\/wp-content\/uploads\/2014\/09\/IMG_00000576_edit-300x300.jpg 300w, https:\/\/marjis-sweetys.ch\/wp-content\/uploads\/2014\/09\/IMG_00000576_edit-600x600.jpg 600w\" sizes=\"(max-width: 150px) 100vw, 150px\" \/><\/a><\/li><li class=\"isotope-item\"><a class=\"prettyphoto\" href=\"https:\/\/marjis-sweetys.ch\/wp-content\/uploads\/2014\/09\/IMG_00000575_edit-1024x768.jpg\" rel=\"prettyPhoto[rel-617717924]\"><img width=\"150\" height=\"150\" src=\"https:\/\/marjis-sweetys.ch\/wp-content\/uploads\/2014\/09\/IMG_00000575_edit-150x150.jpg\" class=\"attachment-thumbnail\" alt=\"\" loading=\"lazy\" srcset=\"https:\/\/marjis-sweetys.ch\/wp-content\/uploads\/2014\/09\/IMG_00000575_edit-150x150.jpg 150w, https:\/\/marjis-sweetys.ch\/wp-content\/uploads\/2014\/09\/IMG_00000575_edit-500x500.jpg 500w, https:\/\/marjis-sweetys.ch\/wp-content\/uploads\/2014\/09\/IMG_00000575_edit-60x60.jpg 60w, https:\/\/marjis-sweetys.ch\/wp-content\/uploads\/2014\/09\/IMG_00000575_edit-800x800.jpg 800w, https:\/\/marjis-sweetys.ch\/wp-content\/uploads\/2014\/09\/IMG_00000575_edit-180x180.jpg 180w, https:\/\/marjis-sweetys.ch\/wp-content\/uploads\/2014\/09\/IMG_00000575_edit-300x300.jpg 300w, https:\/\/marjis-sweetys.ch\/wp-content\/uploads\/2014\/09\/IMG_00000575_edit-600x600.jpg 600w\" sizes=\"(max-width: 150px) 100vw, 150px\" \/><\/a><\/li><li class=\"isotope-item\"><a class=\"prettyphoto\" href=\"https:\/\/marjis-sweetys.ch\/wp-content\/uploads\/2014\/09\/IMG_00000545_edit-1024x768.jpg\" rel=\"prettyPhoto[rel-617717924]\"><img width=\"150\" height=\"150\" src=\"https:\/\/marjis-sweetys.ch\/wp-content\/uploads\/2014\/09\/IMG_00000545_edit-150x150.jpg\" class=\"attachment-thumbnail\" alt=\"\" loading=\"lazy\" srcset=\"https:\/\/marjis-sweetys.ch\/wp-content\/uploads\/2014\/09\/IMG_00000545_edit-150x150.jpg 150w, https:\/\/marjis-sweetys.ch\/wp-content\/uploads\/2014\/09\/IMG_00000545_edit-500x500.jpg 500w, https:\/\/marjis-sweetys.ch\/wp-content\/uploads\/2014\/09\/IMG_00000545_edit-60x60.jpg 60w, https:\/\/marjis-sweetys.ch\/wp-content\/uploads\/2014\/09\/IMG_00000545_edit-800x800.jpg 800w, https:\/\/marjis-sweetys.ch\/wp-content\/uploads\/2014\/09\/IMG_00000545_edit-180x180.jpg 180w, https:\/\/marjis-sweetys.ch\/wp-content\/uploads\/2014\/09\/IMG_00000545_edit-300x300.jpg 300w, https:\/\/marjis-sweetys.ch\/wp-content\/uploads\/2014\/09\/IMG_00000545_edit-600x600.jpg 600w\" sizes=\"(max-width: 150px) 100vw, 150px\" \/><\/a><\/li><li class=\"isotope-item\"><a class=\"prettyphoto\" href=\"https:\/\/marjis-sweetys.ch\/wp-content\/uploads\/2014\/09\/IMG_00000450_edit2-1024x768.jpg\" rel=\"prettyPhoto[rel-617717924]\"><img width=\"150\" height=\"150\" src=\"https:\/\/marjis-sweetys.ch\/wp-content\/uploads\/2014\/09\/IMG_00000450_edit2-150x150.jpg\" class=\"attachment-thumbnail\" alt=\"\" loading=\"lazy\" srcset=\"https:\/\/marjis-sweetys.ch\/wp-content\/uploads\/2014\/09\/IMG_00000450_edit2-150x150.jpg 150w, https:\/\/marjis-sweetys.ch\/wp-content\/uploads\/2014\/09\/IMG_00000450_edit2-500x500.jpg 500w, https:\/\/marjis-sweetys.ch\/wp-content\/uploads\/2014\/09\/IMG_00000450_edit2-60x60.jpg 60w, https:\/\/marjis-sweetys.ch\/wp-content\/uploads\/2014\/09\/IMG_00000450_edit2-800x800.jpg 800w, https:\/\/marjis-sweetys.ch\/wp-content\/uploads\/2014\/09\/IMG_00000450_edit2-180x180.jpg 180w, https:\/\/marjis-sweetys.ch\/wp-content\/uploads\/2014\/09\/IMG_00000450_edit2-300x300.jpg 300w, https:\/\/marjis-sweetys.ch\/wp-content\/uploads\/2014\/09\/IMG_00000450_edit2-600x600.jpg 600w\" sizes=\"(max-width: 150px) 100vw, 150px\" \/><\/a><\/li><li class=\"isotope-item\"><a class=\"prettyphoto\" href=\"https:\/\/marjis-sweetys.ch\/wp-content\/uploads\/2014\/09\/IMG_00000416_edit-1024x768.jpg\" rel=\"prettyPhoto[rel-617717924]\"><img width=\"150\" height=\"150\" src=\"https:\/\/marjis-sweetys.ch\/wp-content\/uploads\/2014\/09\/IMG_00000416_edit-150x150.jpg\" class=\"attachment-thumbnail\" alt=\"\" loading=\"lazy\" srcset=\"https:\/\/marjis-sweetys.ch\/wp-content\/uploads\/2014\/09\/IMG_00000416_edit-150x150.jpg 150w, https:\/\/marjis-sweetys.ch\/wp-content\/uploads\/2014\/09\/IMG_00000416_edit-500x500.jpg 500w, https:\/\/marjis-sweetys.ch\/wp-content\/uploads\/2014\/09\/IMG_00000416_edit-60x60.jpg 60w, https:\/\/marjis-sweetys.ch\/wp-content\/uploads\/2014\/09\/IMG_00000416_edit-800x800.jpg 800w, https:\/\/marjis-sweetys.ch\/wp-content\/uploads\/2014\/09\/IMG_00000416_edit-180x180.jpg 180w, https:\/\/marjis-sweetys.ch\/wp-content\/uploads\/2014\/09\/IMG_00000416_edit-300x300.jpg 300w, https:\/\/marjis-sweetys.ch\/wp-content\/uploads\/2014\/09\/IMG_00000416_edit-600x600.jpg 600w\" sizes=\"(max-width: 150px) 100vw, 150px\" \/><\/a><\/li><li class=\"isotope-item\"><a class=\"prettyphoto\" href=\"https:\/\/marjis-sweetys.ch\/wp-content\/uploads\/2014\/09\/IMG_00000406_edit-1024x768.jpg\" rel=\"prettyPhoto[rel-617717924]\"><img width=\"150\" height=\"150\" src=\"https:\/\/marjis-sweetys.ch\/wp-content\/uploads\/2014\/09\/IMG_00000406_edit-150x150.jpg\" class=\"attachment-thumbnail\" alt=\"\" loading=\"lazy\" srcset=\"https:\/\/marjis-sweetys.ch\/wp-content\/uploads\/2014\/09\/IMG_00000406_edit-150x150.jpg 150w, https:\/\/marjis-sweetys.ch\/wp-content\/uploads\/2014\/09\/IMG_00000406_edit-500x500.jpg 500w, https:\/\/marjis-sweetys.ch\/wp-content\/uploads\/2014\/09\/IMG_00000406_edit-60x60.jpg 60w, https:\/\/marjis-sweetys.ch\/wp-content\/uploads\/2014\/09\/IMG_00000406_edit-800x800.jpg 800w, https:\/\/marjis-sweetys.ch\/wp-content\/uploads\/2014\/09\/IMG_00000406_edit-180x180.jpg 180w, https:\/\/marjis-sweetys.ch\/wp-content\/uploads\/2014\/09\/IMG_00000406_edit-300x300.jpg 300w, https:\/\/marjis-sweetys.ch\/wp-content\/uploads\/2014\/09\/IMG_00000406_edit-600x600.jpg 600w\" sizes=\"(max-width: 150px) 100vw, 150px\" \/><\/a><\/li><\/ul><\/div>\n\t\t<\/div> \n\t<\/div> \n\t\t<\/div> \n\t<\/div> \n\n\t<div class=\"df_span-sm-6 wpb_column vc_column_container \">\n\t\t<div class=\"wpb_wrapper\">\n\t\t\t\n\t<div class=\"wpb_text_column wpb_content_element  wpb_animate_when_almost_visible wpb_left-to-right\">\n\t\t<div class=\"wpb_wrapper\">\n\t\t\t<h1>\u00c0 LA CARTE<\/h1>\n\n\t\t<\/div> \n\t<\/div> \n\t<div class=\"wpb_text_column wpb_content_element  wpb_animate_when_almost_visible wpb_left-to-right\">\n\t\t<div class=\"wpb_wrapper\">\n\t\t\t<p><strong>Sucr\u00e9\u00a0:<\/strong><\/p>\n<p>Un assortiment de p\u00e2tisserie maison vous est propos\u00e9 tel que des cupcakes, divers gateaux, brownies et cookies ! Des nouveaut\u00e9es sont r\u00e9guli\u00e8rement a d\u00e9couvrir !<\/p>\n<p><strong>Les boissons:<\/strong><\/p>\n<p>Faite votre choix parmi nos arome pour cr\u00e9er votre latte macchiato chocolat chaud et caf\u00e9 personnalis\u00e9<\/p>\n<p>S\u00e9lection de the vert, noir et tisanes<\/p>\n<p>Sirops et Sirops maison<\/p>\n\n\t\t<\/div> \n\t<\/div> \n\t\t<\/div> \n\t<\/div> \n<\/div><div class=\"vc_row-full-width\"><\/div><div class=\"vc_row wpb_row df_row-fluid\"  >\n\t<div class=\"df_span-sm-12 wpb_column vc_column_container \">\n\t\t<div class=\"wpb_wrapper\">\n\t\t\t\t<div class=\"vc_empty_space\"  style=\"height: 20px\" ><span\n\t\t\tclass=\"vc_empty_space_inner\"><\/span><\/div>\n\n<div class=\"vc_separator wpb_content_element vc_el_width_100 vc_sep_position_center vc_sep_color_grey\" style=\"padding: 0;\">\n    <span class=\"vc_sep_holder vc_sep_holder_l\"><span style=\"border-width:; height: 3px;\" class=\"vc_sep_line\"><\/span><\/span>\n        <span class=\"vc_sep_holder vc_sep_holder_r\"><span style=\"border-width:; height: 3px;\" class=\"vc_sep_line\"><\/span><\/span>\n<\/div>\n\n\n\t\t<\/div> \n\t<\/div> \n<\/div><div class=\"vc_row-full-width\"><\/div><div class=\"vc_row wpb_row df_row-fluid\"   style=\"margin-bottom: 20px;\">\n\t<div class=\"df_span-sm-5 wpb_column vc_column_container \">\n\t\t<div class=\"wpb_wrapper\">\n\t\t\t\n\t<div class=\"wpb_gallery wpb_content_element vc_clearfix\">\n\t\t<div class=\"wpb_wrapper\"><div class=\"wpb_gallery_slides wpb_image_grid\" data-interval=\"3\"><ul class=\"wpb_image_grid_ul\"><li class=\"isotope-item\"><a class=\"prettyphoto\" href=\"https:\/\/marjis-sweetys.ch\/wp-content\/uploads\/2014\/09\/marjis-1-1024x683.jpg\" rel=\"prettyPhoto[rel-1156876339]\"><img class=\"\" src=\"https:\/\/marjis-sweetys.ch\/wp-content\/uploads\/2014\/09\/marjis-1-450x450.jpg\" width=\"450\" height=\"450\" alt=\"marji&#039;s 1\" title=\"marji&#039;s 1\" \/><\/a><\/li><\/ul><\/div>\n\t\t<\/div> \n\t<\/div> \n\t\t<\/div> \n\t<\/div> \n\n\t<div class=\"df_span-sm-6 wpb_column vc_column_container \">\n\t\t<div class=\"wpb_wrapper\">\n\t\t\t\n\t<div class=\"wpb_text_column wpb_content_element  wpb_animate_when_almost_visible wpb_left-to-right\">\n\t\t<div class=\"wpb_wrapper\">\n\t\t\t<h1>LES SOINS<\/h1>\n\n\t\t<\/div> \n\t<\/div> \n\t<div class=\"wpb_text_column wpb_content_element  wpb_animate_when_almost_visible wpb_left-to-right\">\n\t\t<div class=\"wpb_wrapper\">\n\t\t\t<ul>\n<li>Soin du visage<\/li>\n<li>\u00c9pilation des sourcils au fil<\/li>\n<\/ul>\n\n\t\t<\/div> \n\t<\/div> \n\t\t<\/div> \n\t<\/div> \n<\/div><div class=\"vc_row-full-width\"><\/div>\n","protected":false},"excerpt":{"rendered":"BIENVENU CHEZ MARJI'S SWEETY! Venez d\u00e9couvrir cet endroit chaleureux et cosy ! Laissez-vous le temps de prendre le temps Choisissez parmi l\u2019assortiment de boisson simple ou originale et laissez vous tentez par une p\u00e2tisserie maison\u00a0! Et si le c\u0153ur vous en dit, relaxez vous en commandant un soin ou en prenant un livre \u00e0 disposition [...]","protected":false},"author":1,"featured_media":0,"parent":0,"menu_order":0,"comment_status":"closed","ping_status":"closed","template":"","meta":[],"_links":{"self":[{"href":"https:\/\/marjis-sweetys.ch\/index.php\/wp-json\/wp\/v2\/pages\/3024"}],"collection":[{"href":"https:\/\/marjis-sweetys.ch\/index.php\/wp-json\/wp\/v2\/pages"}],"about":[{"href":"https:\/\/marjis-sweetys.ch\/index.php\/wp-json\/wp\/v2\/types\/page"}],"author":[{"embeddable":true,"href":"https:\/\/marjis-sweetys.ch\/index.php\/wp-json\/wp\/v2\/users\/1"}],"replies":[{"embeddable":true,"href":"https:\/\/marjis-sweetys.ch\/index.php\/wp-json\/wp\/v2\/comments?post=3024"}],"version-history":[{"count":72,"href":"https:\/\/marjis-sweetys.ch\/index.php\/wp-json\/wp\/v2\/pages\/3024\/revisions"}],"predecessor-version":[{"id":0,"href":"https:\/\/marjis-sweetys.ch\/index.php\/wp-json\/wp\/v2\/pages\/3024\/revisions\/0"}],"wp:attachment":[{"href":"https:\/\/marjis-sweetys.ch\/index.php\/wp-json\/wp\/v2\/media?parent=3024"}],"curies":[{"name":"wp","href":"https:\/\/api.w.org\/{rel}","templated":true}]}}